{"id":1066,"date":"2023-01-31T13:57:26","date_gmt":"2023-01-31T12:57:26","guid":{"rendered":"https:\/\/rizzi.sohostudiolabs.com\/about\/"},"modified":"2023-02-11T15:14:47","modified_gmt":"2023-02-11T14:14:47","slug":"about","status":"publish","type":"page","link":"https:\/\/rizzi.sohostudiolabs.com\/de\/about\/","title":{"rendered":"About"},"content":{"rendered":"\t\t<div data-elementor-type=\"wp-page\" data-elementor-id=\"1066\" class=\"elementor elementor-1066 elementor-253\">\n\t\t\t\t\t\t\t\t\t<section class=\"elementor-section elementor-top-section elementor-element elementor-element-4ea3cc2 elementor-section-boxed elementor-section-height-default elementor-section-height-default\" data-id=\"4ea3cc2\" data-element_type=\"section\">\n\t\t\t\t\t\t<div class=\"elementor-container elementor-column-gap-default\">\n\t\t\t\t\t<div class=\"elementor-column elementor-col-100 elementor-top-column elementor-element elementor-element-9446061\" data-id=\"9446061\" data-element_type=\"column\">\n\t\t\t<div class=\"elementor-widget-wrap elementor-element-populated\">\n\t\t\t\t\t\t\t\t<div class=\"elementor-element elementor-element-3ae2d4a elementor-widget elementor-widget-heading\" data-id=\"3ae2d4a\" data-element_type=\"widget\" data-widget_type=\"heading.default\">\n\t\t\t\t<div class=\"elementor-widget-container\">\n\t\t\t<style>\/*! elementor - v3.12.1 - 02-04-2023 *\/\n.elementor-heading-title{padding:0;margin:0;line-height:1}.elementor-widget-heading .elementor-heading-title[class*=elementor-size-]>a{color:inherit;font-size:inherit;line-height:inherit}.elementor-widget-heading .elementor-heading-title.elementor-size-small{font-size:15px}.elementor-widget-heading .elementor-heading-title.elementor-size-medium{font-size:19px}.elementor-widget-heading .elementor-heading-title.elementor-size-large{font-size:29px}.elementor-widget-heading .elementor-heading-title.elementor-size-xl{font-size:39px}.elementor-widget-heading .elementor-heading-title.elementor-size-xxl{font-size:59px}<\/style><h2 class=\"elementor-heading-title elementor-size-default\">About<\/h2>\t\t<\/div>\n\t\t\t\t<\/div>\n\t\t\t\t\t<\/div>\n\t\t<\/div>\n\t\t\t\t\t\t\t<\/div>\n\t\t<\/section>\n\t\t\t\t<section class=\"elementor-section elementor-top-section elementor-element elementor-element-a81391d elementor-section-boxed elementor-section-height-default elementor-section-height-default\" data-id=\"a81391d\" data-element_type=\"section\" data-settings=\"{&quot;background_background&quot;:&quot;classic&quot;}\">\n\t\t\t\t\t\t<div class=\"elementor-container elementor-column-gap-default\">\n\t\t\t\t\t<div class=\"elementor-column elementor-col-100 elementor-top-column elementor-element elementor-element-5bb4ac9\" data-id=\"5bb4ac9\" data-element_type=\"column\">\n\t\t\t<div class=\"elementor-widget-wrap elementor-element-populated\">\n\t\t\t\t\t\t\t\t<div class=\"elementor-element elementor-element-a7020ac elementor-widget elementor-widget-heading\" data-id=\"a7020ac\" data-element_type=\"widget\" data-widget_type=\"heading.default\">\n\t\t\t\t<div class=\"elementor-widget-container\">\n\t\t\t<h2 class=\"elementor-heading-title elementor-size-default\">James Rizzi, der legend\u00e4re K\u00fcnstler aus New York<\/h2>\t\t<\/div>\n\t\t\t\t<\/div>\n\t\t\t\t<section class=\"elementor-section elementor-inner-section elementor-element elementor-element-a7d7eab elementor-section-boxed elementor-section-height-default elementor-section-height-default\" data-id=\"a7d7eab\" data-element_type=\"section\">\n\t\t\t\t\t\t<div class=\"elementor-container elementor-column-gap-default\">\n\t\t\t\t\t<div class=\"elementor-column elementor-col-50 elementor-inner-column elementor-element elementor-element-0410586\" data-id=\"0410586\" data-element_type=\"column\">\n\t\t\t<div class=\"elementor-widget-wrap elementor-element-populated\">\n\t\t\t\t\t\t\t\t<div class=\"elementor-element elementor-element-fa96b83 elementor-widget elementor-widget-text-editor\" data-id=\"fa96b83\" data-element_type=\"widget\" data-widget_type=\"text-editor.default\">\n\t\t\t\t<div class=\"elementor-widget-container\">\n\t\t\t<style>\/*! elementor - v3.12.1 - 02-04-2023 *\/\n.elementor-widget-text-editor.elementor-drop-cap-view-stacked .elementor-drop-cap{background-color:#69727d;color:#fff}.elementor-widget-text-editor.elementor-drop-cap-view-framed .elementor-drop-cap{color:#69727d;border:3px solid;background-color:transparent}.elementor-widget-text-editor:not(.elementor-drop-cap-view-default) .elementor-drop-cap{margin-top:8px}.elementor-widget-text-editor:not(.elementor-drop-cap-view-default) .elementor-drop-cap-letter{width:1em;height:1em}.elementor-widget-text-editor .elementor-drop-cap{float:left;text-align:center;line-height:1;font-size:50px}.elementor-widget-text-editor .elementor-drop-cap-letter{display:inline-block}<\/style>\t\t\t\t<p>Er wurde 1950 in Brooklyn geboren und studierte bis 1974 Kunst an der University of Florida in Gainsville. Kurz nach Abschluss seines Studiums hatte er die M\u00f6glichkeit, seine Arbeiten im Brooklyn Museum in New York zu pr\u00e4sentieren.<\/p>\n<p>Im Laufe der Jahre entwickelte er seinen charakteristischen Stil weiter und schuf ein Meer von farbenfrohen Bildern, die vor Lebensfreude strotzen. Rizzi lebte und arbeitete bis zu seinem Tod am 26. Dezember 2011 in seinem Studio-Loft im New Yorker Stadtteil SoHo.<\/p>\n\t\t\t\t\t\t<\/div>\n\t\t\t\t<\/div>\n\t\t\t\t\t<\/div>\n\t\t<\/div>\n\t\t\t\t<div class=\"elementor-column elementor-col-50 elementor-inner-column elementor-element elementor-element-4ea8507\" data-id=\"4ea8507\" data-element_type=\"column\">\n\t\t\t<div class=\"elementor-widget-wrap elementor-element-populated\">\n\t\t\t\t\t\t\t\t<div class=\"elementor-element elementor-element-cb5d031 elementor-widget elementor-widget-image\" data-id=\"cb5d031\" data-element_type=\"widget\" data-widget_type=\"image.default\">\n\t\t\t\t<div class=\"elementor-widget-container\">\n\t\t\t<style>\/*! elementor - v3.12.1 - 02-04-2023 *\/\n.elementor-widget-image{text-align:center}.elementor-widget-image a{display:inline-block}.elementor-widget-image a img[src$=\".svg\"]{width:48px}.elementor-widget-image img{vertical-align:middle;display:inline-block}<\/style>\t\t\t\t\t\t\t\t\t\t\t\t<img decoding=\"async\" width=\"300\" height=\"226\" src=\"https:\/\/rizzi.sohostudiolabs.com\/wp-content\/uploads\/2023\/01\/Rizzi-number-one-4-300x226.png\" class=\"attachment-medium size-medium wp-image-155\" alt=\"\" loading=\"lazy\" srcset=\"https:\/\/rizzi.sohostudiolabs.com\/wp-content\/uploads\/2023\/01\/Rizzi-number-one-4-300x226.png 300w, https:\/\/rizzi.sohostudiolabs.com\/wp-content\/uploads\/2023\/01\/Rizzi-number-one-4-390x294.png 390w, https:\/\/rizzi.sohostudiolabs.com\/wp-content\/uploads\/2023\/01\/Rizzi-number-one-4-600x453.png 600w, https:\/\/rizzi.sohostudiolabs.com\/wp-content\/uploads\/2023\/01\/Rizzi-number-one-4-1024x773.png 1024w, https:\/\/rizzi.sohostudiolabs.com\/wp-content\/uploads\/2023\/01\/Rizzi-number-one-4-768x580.png 768w, https:\/\/rizzi.sohostudiolabs.com\/wp-content\/uploads\/2023\/01\/Rizzi-number-one-4-1536x1159.png 1536w, https:\/\/rizzi.sohostudiolabs.com\/wp-content\/uploads\/2023\/01\/Rizzi-number-one-4-207x156.png 207w, https:\/\/rizzi.sohostudiolabs.com\/wp-content\/uploads\/2023\/01\/Rizzi-number-one-4-583x440.png 583w, https:\/\/rizzi.sohostudiolabs.com\/wp-content\/uploads\/2023\/01\/Rizzi-number-one-4.png 1573w\" sizes=\"(max-width: 300px) 100vw, 300px\" \/>\t\t\t\t\t\t\t\t\t\t\t\t\t\t\t<\/div>\n\t\t\t\t<\/div>\n\t\t\t\t\t<\/div>\n\t\t<\/div>\n\t\t\t\t\t\t\t<\/div>\n\t\t<\/section>\n\t\t\t\t\t<\/div>\n\t\t<\/div>\n\t\t\t\t\t\t\t<\/div>\n\t\t<\/section>\n\t\t\t\t<section class=\"elementor-section elementor-top-section elementor-element elementor-element-abb960f elementor-section-boxed elementor-section-height-default elementor-section-height-default\" data-id=\"abb960f\" data-element_type=\"section\">\n\t\t\t\t\t\t<div class=\"elementor-container elementor-column-gap-default\">\n\t\t\t\t\t<div class=\"elementor-column elementor-col-100 elementor-top-column elementor-element elementor-element-f0c95f1\" data-id=\"f0c95f1\" data-element_type=\"column\">\n\t\t\t<div class=\"elementor-widget-wrap elementor-element-populated\">\n\t\t\t\t\t\t\t\t<div class=\"elementor-element elementor-element-f11f9cf elementor-widget elementor-widget-spacer\" data-id=\"f11f9cf\" data-element_type=\"widget\" data-widget_type=\"spacer.default\">\n\t\t\t\t<div class=\"elementor-widget-container\">\n\t\t\t<style>\/*! elementor - v3.12.1 - 02-04-2023 *\/\n.elementor-column .elementor-spacer-inner{height:var(--spacer-size)}.e-con{--container-widget-width:100%}.e-con-inner>.elementor-widget-spacer,.e-con>.elementor-widget-spacer{width:var(--container-widget-width,var(--spacer-size));--align-self:var(--container-widget-align-self,initial);--flex-shrink:0}.e-con-inner>.elementor-widget-spacer>.elementor-widget-container,.e-con-inner>.elementor-widget-spacer>.elementor-widget-container>.elementor-spacer,.e-con>.elementor-widget-spacer>.elementor-widget-container,.e-con>.elementor-widget-spacer>.elementor-widget-container>.elementor-spacer{height:100%}.e-con-inner>.elementor-widget-spacer>.elementor-widget-container>.elementor-spacer>.elementor-spacer-inner,.e-con>.elementor-widget-spacer>.elementor-widget-container>.elementor-spacer>.elementor-spacer-inner{height:var(--container-widget-height,var(--spacer-size))}<\/style>\t\t<div class=\"elementor-spacer\">\n\t\t\t<div class=\"elementor-spacer-inner\"><\/div>\n\t\t<\/div>\n\t\t\t\t<\/div>\n\t\t\t\t<\/div>\n\t\t\t\t\t<\/div>\n\t\t<\/div>\n\t\t\t\t\t\t\t<\/div>\n\t\t<\/section>\n\t\t\t\t<section class=\"elementor-section elementor-top-section elementor-element elementor-element-5b028bb elementor-section-boxed elementor-section-height-default elementor-section-height-default\" data-id=\"5b028bb\" data-element_type=\"section\" data-settings=\"{&quot;background_background&quot;:&quot;classic&quot;}\">\n\t\t\t\t\t\t<div class=\"elementor-container elementor-column-gap-default\">\n\t\t\t\t\t<div class=\"elementor-column elementor-col-100 elementor-top-column elementor-element elementor-element-245be8c\" data-id=\"245be8c\" data-element_type=\"column\">\n\t\t\t<div class=\"elementor-widget-wrap elementor-element-populated\">\n\t\t\t\t\t\t\t\t<div class=\"elementor-element elementor-element-aeb6a18 elementor-widget elementor-widget-heading\" data-id=\"aeb6a18\" data-element_type=\"widget\" data-widget_type=\"heading.default\">\n\t\t\t\t<div class=\"elementor-widget-container\">\n\t\t\t<h2 class=\"elementor-heading-title elementor-size-default\">Die Vision des K\u00fcnstlers - Ein Ausblick in die Zukunft<\/h2>\t\t<\/div>\n\t\t\t\t<\/div>\n\t\t\t\t<section class=\"elementor-section elementor-inner-section elementor-element elementor-element-54007c6 elementor-section-boxed elementor-section-height-default elementor-section-height-default\" data-id=\"54007c6\" data-element_type=\"section\">\n\t\t\t\t\t\t<div class=\"elementor-container elementor-column-gap-default\">\n\t\t\t\t\t<div class=\"elementor-column elementor-col-50 elementor-inner-column elementor-element elementor-element-569d9ca\" data-id=\"569d9ca\" data-element_type=\"column\">\n\t\t\t<div class=\"elementor-widget-wrap elementor-element-populated\">\n\t\t\t\t\t\t\t\t<div class=\"elementor-element elementor-element-f1fb2f4 elementor-widget elementor-widget-image\" data-id=\"f1fb2f4\" data-element_type=\"widget\" data-widget_type=\"image.default\">\n\t\t\t\t<div class=\"elementor-widget-container\">\n\t\t\t\t\t\t\t\t\t\t\t\t\t\t\t<img decoding=\"async\" width=\"1024\" height=\"576\" src=\"https:\/\/rizzi.sohostudiolabs.com\/wp-content\/uploads\/2023\/01\/AvatarScreenshot-1024x576.png\" class=\"attachment-large size-large wp-image-156\" alt=\"\" loading=\"lazy\" srcset=\"https:\/\/rizzi.sohostudiolabs.com\/wp-content\/uploads\/2023\/01\/AvatarScreenshot-1024x576.png 1024w, https:\/\/rizzi.sohostudiolabs.com\/wp-content\/uploads\/2023\/01\/AvatarScreenshot-390x219.png 390w, https:\/\/rizzi.sohostudiolabs.com\/wp-content\/uploads\/2023\/01\/AvatarScreenshot-600x338.png 600w, https:\/\/rizzi.sohostudiolabs.com\/wp-content\/uploads\/2023\/01\/AvatarScreenshot-300x169.png 300w, https:\/\/rizzi.sohostudiolabs.com\/wp-content\/uploads\/2023\/01\/AvatarScreenshot-768x432.png 768w, https:\/\/rizzi.sohostudiolabs.com\/wp-content\/uploads\/2023\/01\/AvatarScreenshot-1536x864.png 1536w, https:\/\/rizzi.sohostudiolabs.com\/wp-content\/uploads\/2023\/01\/AvatarScreenshot-207x116.png 207w, https:\/\/rizzi.sohostudiolabs.com\/wp-content\/uploads\/2023\/01\/AvatarScreenshot-782x440.png 782w, https:\/\/rizzi.sohostudiolabs.com\/wp-content\/uploads\/2023\/01\/AvatarScreenshot.png 1920w\" sizes=\"(max-width: 1024px) 100vw, 1024px\" \/>\t\t\t\t\t\t\t\t\t\t\t\t\t\t\t<\/div>\n\t\t\t\t<\/div>\n\t\t\t\t\t<\/div>\n\t\t<\/div>\n\t\t\t\t<div class=\"elementor-column elementor-col-50 elementor-inner-column elementor-element elementor-element-b5d54a5\" data-id=\"b5d54a5\" data-element_type=\"column\">\n\t\t\t<div class=\"elementor-widget-wrap elementor-element-populated\">\n\t\t\t\t\t\t\t\t<div class=\"elementor-element elementor-element-24ba167 elementor-widget elementor-widget-text-editor\" data-id=\"24ba167\" data-element_type=\"widget\" data-widget_type=\"text-editor.default\">\n\t\t\t\t<div class=\"elementor-widget-container\">\n\t\t\t\t\t\t\t<p>James Rizzi war zu Lebzeiten ein optimistischer und fr\u00f6hlicher Mensch. Es war immer sein Wunsch, nicht nur ein erf\u00fclltes, sondern auch ein langes Leben zu haben, um all seinen Gedanken und k\u00fcnstlerischen Ideen Raum und Zeit zu geben.<\/p>\n<p>Seine dreidimensionalen Kunstwerke, die in den 70er und 80er Jahren entwickelt wurden, erfahren nun durch die Digitalisierung der heutigen Welt eine spannende Erweiterung &#8211; im Metavere und in Form von NFTs.<\/p>\n<p>James Rizzis Schwester Roberta erkl\u00e4rt: &#8222;F\u00fcr Jimmie ist ein Traum in Erf\u00fcllung gegangen: Seine Figuren k\u00f6nnen nun digital animiert werden und gewinnen an Dreidimensionalit\u00e4t, ohne dabei ihren Charme und ihre Rizzi-ness zu verlieren.&#8220;<\/p>\n\t\t\t\t\t\t<\/div>\n\t\t\t\t<\/div>\n\t\t\t\t\t<\/div>\n\t\t<\/div>\n\t\t\t\t\t\t\t<\/div>\n\t\t<\/section>\n\t\t\t\t\t<\/div>\n\t\t<\/div>\n\t\t\t\t\t\t\t<\/div>\n\t\t<\/section>\n\t\t\t\t<section class=\"elementor-section elementor-top-section elementor-element elementor-element-9ecfc0f elementor-section-boxed elementor-section-height-default elementor-section-height-default\" data-id=\"9ecfc0f\" data-element_type=\"section\">\n\t\t\t\t\t\t<div class=\"elementor-container elementor-column-gap-default\">\n\t\t\t\t\t<div class=\"elementor-column elementor-col-100 elementor-top-column elementor-element elementor-element-7f1cd0c\" data-id=\"7f1cd0c\" data-element_type=\"column\">\n\t\t\t<div class=\"elementor-widget-wrap elementor-element-populated\">\n\t\t\t\t\t\t\t\t<div class=\"elementor-element elementor-element-076e607 elementor-widget elementor-widget-spacer\" data-id=\"076e607\" data-element_type=\"widget\" data-widget_type=\"spacer.default\">\n\t\t\t\t<div class=\"elementor-widget-container\">\n\t\t\t\t\t<div class=\"elementor-spacer\">\n\t\t\t<div class=\"elementor-spacer-inner\"><\/div>\n\t\t<\/div>\n\t\t\t\t<\/div>\n\t\t\t\t<\/div>\n\t\t\t\t\t<\/div>\n\t\t<\/div>\n\t\t\t\t\t\t\t<\/div>\n\t\t<\/section>\n\t\t\t\t<section class=\"elementor-section elementor-top-section elementor-element elementor-element-1daad6b elementor-section-boxed elementor-section-height-default elementor-section-height-default\" data-id=\"1daad6b\" data-element_type=\"section\" data-settings=\"{&quot;background_background&quot;:&quot;classic&quot;}\">\n\t\t\t\t\t\t<div class=\"elementor-container elementor-column-gap-default\">\n\t\t\t\t\t<div class=\"elementor-column elementor-col-100 elementor-top-column elementor-element elementor-element-808db33\" data-id=\"808db33\" data-element_type=\"column\">\n\t\t\t<div class=\"elementor-widget-wrap elementor-element-populated\">\n\t\t\t\t\t\t\t\t<div class=\"elementor-element elementor-element-fa8f32d elementor-widget elementor-widget-heading\" data-id=\"fa8f32d\" data-element_type=\"widget\" data-widget_type=\"heading.default\">\n\t\t\t\t<div class=\"elementor-widget-container\">\n\t\t\t<h2 class=\"elementor-heading-title elementor-size-default\">James Rizzi NFT - Launching 2023!<\/h2>\t\t<\/div>\n\t\t\t\t<\/div>\n\t\t\t\t<section class=\"elementor-section elementor-inner-section elementor-element elementor-element-b263115 elementor-section-boxed elementor-section-height-default elementor-section-height-default\" data-id=\"b263115\" data-element_type=\"section\">\n\t\t\t\t\t\t<div class=\"elementor-container elementor-column-gap-default\">\n\t\t\t\t\t<div class=\"elementor-column elementor-col-50 elementor-inner-column elementor-element elementor-element-acb322e\" data-id=\"acb322e\" data-element_type=\"column\">\n\t\t\t<div class=\"elementor-widget-wrap elementor-element-populated\">\n\t\t\t\t\t\t\t\t<div class=\"elementor-element elementor-element-be936cf elementor-widget elementor-widget-text-editor\" data-id=\"be936cf\" data-element_type=\"widget\" data-widget_type=\"text-editor.default\">\n\t\t\t\t<div class=\"elementor-widget-container\">\n\t\t\t\t\t\t\t<p>Dieses aufregende neue Projekt wird es den Fans des K\u00fcnstlers erm\u00f6glichen, ein St\u00fcck seiner ikonischen Pop-Art in Form eines digitalen Kunstwerks zu besitzen. <br \/>Die ab dem 14. Februar auf der NFT-Plattform OpenSea ver\u00f6ffentlichten Werke richten sich an die internationale NFT-Community, die auf der Suche nach spannenden NFT-Serien ist, die durch Upgrades, so genannte &#8222;Drops&#8220;, im Wert steigen. Langj\u00e4hrigen RIZZI-Sammlern &#8211; insbesondere in Europa und den USA &#8211; werden parallel dazu auch digitale erstellte Leinwandarbeiten angeboten.<\/p>\n\t\t\t\t\t\t<\/div>\n\t\t\t\t<\/div>\n\t\t\t\t\t<\/div>\n\t\t<\/div>\n\t\t\t\t<div class=\"elementor-column elementor-col-50 elementor-inner-column elementor-element elementor-element-d7b1ef9\" data-id=\"d7b1ef9\" data-element_type=\"column\">\n\t\t\t<div class=\"elementor-widget-wrap elementor-element-populated\">\n\t\t\t\t\t\t\t\t<div class=\"elementor-element elementor-element-f0fda0f elementor-widget elementor-widget-image\" data-id=\"f0fda0f\" data-element_type=\"widget\" data-widget_type=\"image.default\">\n\t\t\t\t<div class=\"elementor-widget-container\">\n\t\t\t\t\t\t\t\t\t\t\t\t\t\t\t<img decoding=\"async\" width=\"300\" height=\"169\" src=\"https:\/\/rizzi.sohostudiolabs.com\/wp-content\/uploads\/2023\/01\/1-3-300x169.jpg\" class=\"attachment-medium size-medium wp-image-203\" alt=\"\" loading=\"lazy\" srcset=\"https:\/\/rizzi.sohostudiolabs.com\/wp-content\/uploads\/2023\/01\/1-3-300x169.jpg 300w, https:\/\/rizzi.sohostudiolabs.com\/wp-content\/uploads\/2023\/01\/1-3-scaled-390x219.jpg 390w, https:\/\/rizzi.sohostudiolabs.com\/wp-content\/uploads\/2023\/01\/1-3-scaled-600x338.jpg 600w, https:\/\/rizzi.sohostudiolabs.com\/wp-content\/uploads\/2023\/01\/1-3-1024x576.jpg 1024w, https:\/\/rizzi.sohostudiolabs.com\/wp-content\/uploads\/2023\/01\/1-3-768x432.jpg 768w, https:\/\/rizzi.sohostudiolabs.com\/wp-content\/uploads\/2023\/01\/1-3-1536x864.jpg 1536w, https:\/\/rizzi.sohostudiolabs.com\/wp-content\/uploads\/2023\/01\/1-3-2048x1152.jpg 2048w, https:\/\/rizzi.sohostudiolabs.com\/wp-content\/uploads\/2023\/01\/1-3-207x116.jpg 207w, https:\/\/rizzi.sohostudiolabs.com\/wp-content\/uploads\/2023\/01\/1-3-782x440.jpg 782w\" sizes=\"(max-width: 300px) 100vw, 300px\" \/>\t\t\t\t\t\t\t\t\t\t\t\t\t\t\t<\/div>\n\t\t\t\t<\/div>\n\t\t\t\t\t<\/div>\n\t\t<\/div>\n\t\t\t\t\t\t\t<\/div>\n\t\t<\/section>\n\t\t\t\t\t<\/div>\n\t\t<\/div>\n\t\t\t\t\t\t\t<\/div>\n\t\t<\/section>\n\t\t\t\t\t\t\t<\/div>\n\t\t","protected":false},"excerpt":{"rendered":"<p>About James Rizzi, der legend\u00e4re K\u00fcnstler aus New York Er [&hellip;]<\/p>\n","protected":false},"author":2,"featured_media":0,"parent":0,"menu_order":0,"comment_status":"closed","ping_status":"closed","template":"","meta":[],"aioseo_notices":[],"_links":{"self":[{"href":"https:\/\/rizzi.sohostudiolabs.com\/de\/wp-json\/wp\/v2\/pages\/1066"}],"collection":[{"href":"https:\/\/rizzi.sohostudiolabs.com\/de\/wp-json\/wp\/v2\/pages"}],"about":[{"href":"https:\/\/rizzi.sohostudiolabs.com\/de\/wp-json\/wp\/v2\/types\/page"}],"author":[{"embeddable":true,"href":"https:\/\/rizzi.sohostudiolabs.com\/de\/wp-json\/wp\/v2\/users\/2"}],"replies":[{"embeddable":true,"href":"https:\/\/rizzi.sohostudiolabs.com\/de\/wp-json\/wp\/v2\/comments?post=1066"}],"version-history":[{"count":1,"href":"https:\/\/rizzi.sohostudiolabs.com\/de\/wp-json\/wp\/v2\/pages\/1066\/revisions"}],"predecessor-version":[{"id":1067,"href":"https:\/\/rizzi.sohostudiolabs.com\/de\/wp-json\/wp\/v2\/pages\/1066\/revisions\/1067"}],"wp:attachment":[{"href":"https:\/\/rizzi.sohostudiolabs.com\/de\/wp-json\/wp\/v2\/media?parent=1066"}],"curies":[{"name":"wp","href":"https:\/\/api.w.org\/{rel}","templated":true}]}}