{"id":1093,"date":"2023-01-31T13:42:02","date_gmt":"2023-01-31T12:42:02","guid":{"rendered":"https:\/\/rizzi.sohostudiolabs.com\/roadmap\/"},"modified":"2023-02-28T17:01:32","modified_gmt":"2023-02-28T16:01:32","slug":"roadmap","status":"publish","type":"page","link":"https:\/\/rizzi.sohostudiolabs.com\/de\/roadmap\/","title":{"rendered":"Roadmap"},"content":{"rendered":"\t\t<div data-elementor-type=\"wp-page\" data-elementor-id=\"1093\" class=\"elementor elementor-1093 elementor-247\">\n\t\t\t\t\t\t\t\t\t<section class=\"elementor-section elementor-top-section elementor-element elementor-element-b11cb03 elementor-section-boxed elementor-section-height-default elementor-section-height-default\" data-id=\"b11cb03\" data-element_type=\"section\">\n\t\t\t\t\t\t<div class=\"elementor-container elementor-column-gap-default\">\n\t\t\t\t\t<div class=\"elementor-column elementor-col-100 elementor-top-column elementor-element elementor-element-2c64ac7\" data-id=\"2c64ac7\" data-element_type=\"column\">\n\t\t\t<div class=\"elementor-widget-wrap elementor-element-populated\">\n\t\t\t\t\t\t\t\t<div class=\"elementor-element elementor-element-90d0ba4 elementor-widget elementor-widget-shortcode\" data-id=\"90d0ba4\" data-element_type=\"widget\" data-widget_type=\"shortcode.default\">\n\t\t\t\t<div class=\"elementor-widget-container\">\n\t\t\t\t\t<div class=\"elementor-shortcode\"><section class=\"hero wf-section\">\n\t<div class=\"container container--relative\">\n\t\t<div class=\"hero__blocks hero__blocks--roadmap\">\n\t\t\t<div class=\"hero__intro\">\n\t\t\t\t\t\t\t\t<div class=\"block-title-inline animated-box\" data-elapsed=\"140\">\n\t\t\t\t\t\t\t\t\t\t<img decoding=\"async\" src=\"https:\/\/rizzi.sohostudiolabs.com\/wp-content\/themes\/nftly\/assets\/images\/icon-box.svg\" loading=\"lazy\" alt=\"NFT promo\" class=\"image\">\n\t\t\t\t\t<h4>\n\t\t\t\t\t\tA CRAZY YEAR AHEAD\t\t\t\t\t<\/h4>\n\t\t\t\t<\/div>\n\t\t\t\t\t\t\t\t<h1 class=\"hero__intro-title animated-box\" data-elapsed=\"160\">\n\t\t\t\t\tJames Rizzi NFT Roadmap 2023\t\t\t\t<\/h1>\n\n\t\t\t\t\t\t\t\t\n\t\t\t\t\n\t\t\t\t\t\t\t<\/div>\n\t\t\t<div class=\"hero__nft-placeholder\">\n\t\t\t\t<div class=\"hero__nft-placeholder-img hero__nft-placeholder-img--roadmap\" style=\"background-image: url('https:\/\/rizzi.sohostudiolabs.com\/wp-content\/uploads\/2023\/02\/rounded-in-photoretrica-1.png');\"><\/div>\n\t\t\t<\/div>\n\t\t<\/div>\n\t<\/div>\n<\/section>\n<\/div>\n\t\t\t\t<\/div>\n\t\t\t\t<\/div>\n\t\t\t\t\t<\/div>\n\t\t<\/div>\n\t\t\t\t\t\t\t<\/div>\n\t\t<\/section>\n\t\t\t\t<section class=\"elementor-section elementor-top-section elementor-element elementor-element-7dd77ff elementor-section-boxed elementor-section-height-default elementor-section-height-default\" data-id=\"7dd77ff\" data-element_type=\"section\">\n\t\t\t\t\t\t<div class=\"elementor-container elementor-column-gap-default\">\n\t\t\t\t\t<div class=\"elementor-column elementor-col-100 elementor-top-column elementor-element elementor-element-b1de196\" data-id=\"b1de196\" data-element_type=\"column\">\n\t\t\t<div class=\"elementor-widget-wrap elementor-element-populated\">\n\t\t\t\t\t\t\t\t<section class=\"elementor-section elementor-inner-section elementor-element elementor-element-1bb2646 elementor-section-boxed elementor-section-height-default elementor-section-height-default\" data-id=\"1bb2646\" data-element_type=\"section\">\n\t\t\t\t\t\t<div class=\"elementor-container elementor-column-gap-default\">\n\t\t\t\t\t<div class=\"elementor-column elementor-col-33 elementor-inner-column elementor-element elementor-element-70d6058\" data-id=\"70d6058\" data-element_type=\"column\" data-settings=\"{&quot;background_background&quot;:&quot;classic&quot;}\">\n\t\t\t<div class=\"elementor-widget-wrap elementor-element-populated\">\n\t\t\t\t\t\t\t\t<div class=\"elementor-element elementor-element-f36e469 elementor-widget elementor-widget-heading\" data-id=\"f36e469\" data-element_type=\"widget\" data-widget_type=\"heading.default\">\n\t\t\t\t<div class=\"elementor-widget-container\">\n\t\t\t<style>\/*! elementor - v3.12.1 - 02-04-2023 *\/\n.elementor-heading-title{padding:0;margin:0;line-height:1}.elementor-widget-heading .elementor-heading-title[class*=elementor-size-]>a{color:inherit;font-size:inherit;line-height:inherit}.elementor-widget-heading .elementor-heading-title.elementor-size-small{font-size:15px}.elementor-widget-heading .elementor-heading-title.elementor-size-medium{font-size:19px}.elementor-widget-heading .elementor-heading-title.elementor-size-large{font-size:29px}.elementor-widget-heading .elementor-heading-title.elementor-size-xl{font-size:39px}.elementor-widget-heading .elementor-heading-title.elementor-size-xxl{font-size:59px}<\/style><h3 class=\"elementor-heading-title elementor-size-default\">GETTING STARTED<\/h3>\t\t<\/div>\n\t\t\t\t<\/div>\n\t\t\t\t<div class=\"elementor-element elementor-element-670e8cd elementor-widget elementor-widget-heading\" data-id=\"670e8cd\" data-element_type=\"widget\" data-widget_type=\"heading.default\">\n\t\t\t\t<div class=\"elementor-widget-container\">\n\t\t\t<h5 class=\"elementor-heading-title elementor-size-default\">2022-2023<\/h5>\t\t<\/div>\n\t\t\t\t<\/div>\n\t\t\t\t<div class=\"elementor-element elementor-element-d1e5d4e elementor-widget elementor-widget-text-editor\" data-id=\"d1e5d4e\" data-element_type=\"widget\" data-widget_type=\"text-editor.default\">\n\t\t\t\t<div class=\"elementor-widget-container\">\n\t\t\t<style>\/*! elementor - v3.12.1 - 02-04-2023 *\/\n.elementor-widget-text-editor.elementor-drop-cap-view-stacked .elementor-drop-cap{background-color:#69727d;color:#fff}.elementor-widget-text-editor.elementor-drop-cap-view-framed .elementor-drop-cap{color:#69727d;border:3px solid;background-color:transparent}.elementor-widget-text-editor:not(.elementor-drop-cap-view-default) .elementor-drop-cap{margin-top:8px}.elementor-widget-text-editor:not(.elementor-drop-cap-view-default) .elementor-drop-cap-letter{width:1em;height:1em}.elementor-widget-text-editor .elementor-drop-cap{float:left;text-align:center;line-height:1;font-size:50px}.elementor-widget-text-editor .elementor-drop-cap-letter{display:inline-block}<\/style>\t\t\t\t<p>Seit Anfang des Jahres 2022 arbeiten wir an der Weiterentwicklung der Kunst von James Rizzi. Unser Ziel ist es, durch den Einsatz neuester Technologien eine neue Art des &#8222;Kunsterlebnisses&#8220; zu schaffen. Dabei arbeiten wir unter der Pr\u00e4misse, dass der urspr\u00fcngliche Charakter unverf\u00e4lscht erhalten bleibt.<\/p>\n\t\t\t\t\t\t<\/div>\n\t\t\t\t<\/div>\n\t\t\t\t\t<\/div>\n\t\t<\/div>\n\t\t\t\t<div class=\"elementor-column elementor-col-33 elementor-inner-column elementor-element elementor-element-3dd1e50\" data-id=\"3dd1e50\" data-element_type=\"column\" data-settings=\"{&quot;background_background&quot;:&quot;classic&quot;}\">\n\t\t\t<div class=\"elementor-widget-wrap elementor-element-populated\">\n\t\t\t\t\t\t\t\t<div class=\"elementor-element elementor-element-80db71d elementor-widget elementor-widget-heading\" data-id=\"80db71d\" data-element_type=\"widget\" data-widget_type=\"heading.default\">\n\t\t\t\t<div class=\"elementor-widget-container\">\n\t\t\t<h3 class=\"elementor-heading-title elementor-size-default\">\"FIRST LOVE\" LAUNCH<\/h3>\t\t<\/div>\n\t\t\t\t<\/div>\n\t\t\t\t<div class=\"elementor-element elementor-element-0074b95 elementor-widget elementor-widget-heading\" data-id=\"0074b95\" data-element_type=\"widget\" data-widget_type=\"heading.default\">\n\t\t\t\t<div class=\"elementor-widget-container\">\n\t\t\t<h5 class=\"elementor-heading-title elementor-size-default\">EARLY 2023<\/h5>\t\t<\/div>\n\t\t\t\t<\/div>\n\t\t\t\t<div class=\"elementor-element elementor-element-39c0e49 elementor-widget elementor-widget-text-editor\" data-id=\"39c0e49\" data-element_type=\"widget\" data-widget_type=\"text-editor.default\">\n\t\t\t\t<div class=\"elementor-widget-container\">\n\t\t\t\t\t\t\t<p>Die erste Collection digitaler Kunstwerke wird am 14. Februar 2023 ver\u00f6ffentlicht und besteht aus 142 einzigartigen Werken, die als NFTs und Leinwanddrucke erh\u00e4ltlich sein werden.<\/p>\n\t\t\t\t\t\t<\/div>\n\t\t\t\t<\/div>\n\t\t\t\t\t<\/div>\n\t\t<\/div>\n\t\t\t\t<div class=\"elementor-column elementor-col-33 elementor-inner-column elementor-element elementor-element-b11252c\" data-id=\"b11252c\" data-element_type=\"column\" data-settings=\"{&quot;background_background&quot;:&quot;classic&quot;}\">\n\t\t\t<div class=\"elementor-widget-wrap elementor-element-populated\">\n\t\t\t\t\t\t\t\t<div class=\"elementor-element elementor-element-af91134 elementor-widget elementor-widget-heading\" data-id=\"af91134\" data-element_type=\"widget\" data-widget_type=\"heading.default\">\n\t\t\t\t<div class=\"elementor-widget-container\">\n\t\t\t<h3 class=\"elementor-heading-title elementor-size-default\">SECOND COLLECTION<\/h3>\t\t<\/div>\n\t\t\t\t<\/div>\n\t\t\t\t<div class=\"elementor-element elementor-element-1d25415 elementor-widget elementor-widget-heading\" data-id=\"1d25415\" data-element_type=\"widget\" data-widget_type=\"heading.default\">\n\t\t\t\t<div class=\"elementor-widget-container\">\n\t\t\t<h5 class=\"elementor-heading-title elementor-size-default\">MID 2023<\/h5>\t\t<\/div>\n\t\t\t\t<\/div>\n\t\t\t\t<div class=\"elementor-element elementor-element-3a4007f elementor-widget elementor-widget-text-editor\" data-id=\"3a4007f\" data-element_type=\"widget\" data-widget_type=\"text-editor.default\">\n\t\t\t\t<div class=\"elementor-widget-container\">\n\t\t\t\t\t\t\t<p>W\u00e4hrend sich &#8222;First Love&#8220; in erster Linie an bestehende Rizzi-Fans richtet, steht in der zweiten Sammlung das Abtauchen in die faszinierende Welt des Web3 im Vordergrund.<\/p>\n\t\t\t\t\t\t<\/div>\n\t\t\t\t<\/div>\n\t\t\t\t\t<\/div>\n\t\t<\/div>\n\t\t\t\t\t\t\t<\/div>\n\t\t<\/section>\n\t\t\t\t<section class=\"elementor-section elementor-inner-section elementor-element elementor-element-af32385 elementor-section-boxed elementor-section-height-default elementor-section-height-default\" data-id=\"af32385\" data-element_type=\"section\">\n\t\t\t\t\t\t<div class=\"elementor-container elementor-column-gap-default\">\n\t\t\t\t\t<div class=\"elementor-column elementor-col-33 elementor-inner-column elementor-element elementor-element-6562b3f\" data-id=\"6562b3f\" data-element_type=\"column\" data-settings=\"{&quot;background_background&quot;:&quot;classic&quot;}\">\n\t\t\t<div class=\"elementor-widget-wrap elementor-element-populated\">\n\t\t\t\t\t\t\t\t<div class=\"elementor-element elementor-element-aa72874 elementor-widget elementor-widget-heading\" data-id=\"aa72874\" data-element_type=\"widget\" data-widget_type=\"heading.default\">\n\t\t\t\t<div class=\"elementor-widget-container\">\n\t\t\t<h3 class=\"elementor-heading-title elementor-size-default\">METAVERSE<\/h3>\t\t<\/div>\n\t\t\t\t<\/div>\n\t\t\t\t<div class=\"elementor-element elementor-element-0cffa96 elementor-widget elementor-widget-heading\" data-id=\"0cffa96\" data-element_type=\"widget\" data-widget_type=\"heading.default\">\n\t\t\t\t<div class=\"elementor-widget-container\">\n\t\t\t<h5 class=\"elementor-heading-title elementor-size-default\">LATE 2023<\/h5>\t\t<\/div>\n\t\t\t\t<\/div>\n\t\t\t\t<div class=\"elementor-element elementor-element-6ce4047 elementor-widget elementor-widget-text-editor\" data-id=\"6ce4047\" data-element_type=\"widget\" data-widget_type=\"text-editor.default\">\n\t\t\t\t<div class=\"elementor-widget-container\">\n\t\t\t\t\t\t\t<p>Wir arbeiten st\u00e4ndig an der Entwicklung eines James Rizzi Metaverse. Ein Ort, der das Lebenswerk des K\u00fcnstlers so greifbar und zug\u00e4nglich macht wie nie zuvor. Ein Ort des Austauschs f\u00fcr Sammler und Fans. Wir denken, dass wir dieses gro\u00dfartige Projekt bis zum Ende des Jahres ver\u00f6ffentlichen k\u00f6nnen.<\/p>\n\t\t\t\t\t\t<\/div>\n\t\t\t\t<\/div>\n\t\t\t\t\t<\/div>\n\t\t<\/div>\n\t\t\t\t<div class=\"elementor-column elementor-col-66 elementor-inner-column elementor-element elementor-element-f840ea3\" data-id=\"f840ea3\" data-element_type=\"column\">\n\t\t\t<div class=\"elementor-widget-wrap elementor-element-populated\">\n\t\t\t\t\t\t\t\t<div class=\"elementor-element elementor-element-809f203 elementor-widget elementor-widget-image\" data-id=\"809f203\" data-element_type=\"widget\" data-widget_type=\"image.default\">\n\t\t\t\t<div class=\"elementor-widget-container\">\n\t\t\t<style>\/*! elementor - v3.12.1 - 02-04-2023 *\/\n.elementor-widget-image{text-align:center}.elementor-widget-image a{display:inline-block}.elementor-widget-image a img[src$=\".svg\"]{width:48px}.elementor-widget-image img{vertical-align:middle;display:inline-block}<\/style>\t\t\t\t\t\t\t\t\t\t\t\t<img decoding=\"async\" width=\"1024\" height=\"389\" src=\"https:\/\/rizzi.sohostudiolabs.com\/wp-content\/uploads\/2023\/02\/HighresScreenshot00086-1-e1675812131703-1024x389.png\" class=\"attachment-large size-large wp-image-753\" alt=\"\" loading=\"lazy\" srcset=\"https:\/\/rizzi.sohostudiolabs.com\/wp-content\/uploads\/2023\/02\/HighresScreenshot00086-1-e1675812131703-1024x389.png 1024w, https:\/\/rizzi.sohostudiolabs.com\/wp-content\/uploads\/2023\/02\/HighresScreenshot00086-1-e1675812131703-300x114.png 300w, https:\/\/rizzi.sohostudiolabs.com\/wp-content\/uploads\/2023\/02\/HighresScreenshot00086-1-e1675812131703-768x292.png 768w, https:\/\/rizzi.sohostudiolabs.com\/wp-content\/uploads\/2023\/02\/HighresScreenshot00086-1-e1675812131703-1536x583.png 1536w, https:\/\/rizzi.sohostudiolabs.com\/wp-content\/uploads\/2023\/02\/HighresScreenshot00086-1-e1675812131703-2048x778.png 2048w, https:\/\/rizzi.sohostudiolabs.com\/wp-content\/uploads\/2023\/02\/HighresScreenshot00086-1-e1675812131703-207x79.png 207w, https:\/\/rizzi.sohostudiolabs.com\/wp-content\/uploads\/2023\/02\/HighresScreenshot00086-1-e1675812131703-1158x440.png 1158w, https:\/\/rizzi.sohostudiolabs.com\/wp-content\/uploads\/2023\/02\/HighresScreenshot00086-1-e1675812131703-390x148.png 390w, https:\/\/rizzi.sohostudiolabs.com\/wp-content\/uploads\/2023\/02\/HighresScreenshot00086-1-e1675812131703-600x228.png 600w\" sizes=\"(max-width: 1024px) 100vw, 1024px\" \/>\t\t\t\t\t\t\t\t\t\t\t\t\t\t\t<\/div>\n\t\t\t\t<\/div>\n\t\t\t\t\t<\/div>\n\t\t<\/div>\n\t\t\t\t\t\t\t<\/div>\n\t\t<\/section>\n\t\t\t\t\t<\/div>\n\t\t<\/div>\n\t\t\t\t\t\t\t<\/div>\n\t\t<\/section>\n\t\t\t\t\t\t\t<\/div>\n\t\t","protected":false},"excerpt":{"rendered":"<p>GETTING STARTED 2022-2023 Seit Anfang des Jahres 2022 arbeiten wir [&hellip;]<\/p>\n","protected":false},"author":2,"featured_media":0,"parent":0,"menu_order":0,"comment_status":"closed","ping_status":"closed","template":"blank-page.php","meta":[],"aioseo_notices":[],"_links":{"self":[{"href":"https:\/\/rizzi.sohostudiolabs.com\/de\/wp-json\/wp\/v2\/pages\/1093"}],"collection":[{"href":"https:\/\/rizzi.sohostudiolabs.com\/de\/wp-json\/wp\/v2\/pages"}],"about":[{"href":"https:\/\/rizzi.sohostudiolabs.com\/de\/wp-json\/wp\/v2\/types\/page"}],"author":[{"embeddable":true,"href":"https:\/\/rizzi.sohostudiolabs.com\/de\/wp-json\/wp\/v2\/users\/2"}],"replies":[{"embeddable":true,"href":"https:\/\/rizzi.sohostudiolabs.com\/de\/wp-json\/wp\/v2\/comments?post=1093"}],"version-history":[{"count":4,"href":"https:\/\/rizzi.sohostudiolabs.com\/de\/wp-json\/wp\/v2\/pages\/1093\/revisions"}],"predecessor-version":[{"id":1201,"href":"https:\/\/rizzi.sohostudiolabs.com\/de\/wp-json\/wp\/v2\/pages\/1093\/revisions\/1201"}],"wp:attachment":[{"href":"https:\/\/rizzi.sohostudiolabs.com\/de\/wp-json\/wp\/v2\/media?parent=1093"}],"curies":[{"name":"wp","href":"https:\/\/api.w.org\/{rel}","templated":true}]}}