{"id":1222,"date":"2023-02-28T20:18:12","date_gmt":"2023-02-28T19:18:12","guid":{"rendered":"https:\/\/rizzi.sohostudiolabs.com\/canvas\/"},"modified":"2023-02-28T20:37:00","modified_gmt":"2023-02-28T19:37:00","slug":"canvas","status":"publish","type":"page","link":"https:\/\/rizzi.sohostudiolabs.com\/de\/canvas\/","title":{"rendered":"Canvas"},"content":{"rendered":"\t\t<div data-elementor-type=\"wp-page\" data-elementor-id=\"1222\" class=\"elementor elementor-1222 elementor-1207\">\n\t\t\t\t\t\t\t\t\t<section class=\"elementor-section elementor-top-section elementor-element elementor-element-f0b7555 elementor-section-boxed elementor-section-height-default elementor-section-height-default\" data-id=\"f0b7555\" data-element_type=\"section\">\n\t\t\t\t\t\t<div class=\"elementor-container elementor-column-gap-default\">\n\t\t\t\t\t<div class=\"elementor-column elementor-col-100 elementor-top-column elementor-element elementor-element-3410e3a\" data-id=\"3410e3a\" data-element_type=\"column\">\n\t\t\t<div class=\"elementor-widget-wrap elementor-element-populated\">\n\t\t\t\t\t\t\t\t<div class=\"elementor-element elementor-element-df6244e elementor-widget elementor-widget-heading\" data-id=\"df6244e\" data-element_type=\"widget\" data-widget_type=\"heading.default\">\n\t\t\t\t<div class=\"elementor-widget-container\">\n\t\t\t<style>\/*! elementor - v3.12.1 - 02-04-2023 *\/\n.elementor-heading-title{padding:0;margin:0;line-height:1}.elementor-widget-heading .elementor-heading-title[class*=elementor-size-]>a{color:inherit;font-size:inherit;line-height:inherit}.elementor-widget-heading .elementor-heading-title.elementor-size-small{font-size:15px}.elementor-widget-heading .elementor-heading-title.elementor-size-medium{font-size:19px}.elementor-widget-heading .elementor-heading-title.elementor-size-large{font-size:29px}.elementor-widget-heading .elementor-heading-title.elementor-size-xl{font-size:39px}.elementor-widget-heading .elementor-heading-title.elementor-size-xxl{font-size:59px}<\/style><h2 class=\"elementor-heading-title elementor-size-default\">James Rizzi - Digitale Kunst auf Leinwand<\/h2>\t\t<\/div>\n\t\t\t\t<\/div>\n\t\t\t\t<section class=\"elementor-section elementor-inner-section elementor-element elementor-element-40271bb elementor-section-boxed elementor-section-height-default elementor-section-height-default\" data-id=\"40271bb\" data-element_type=\"section\">\n\t\t\t\t\t\t<div class=\"elementor-container elementor-column-gap-default\">\n\t\t\t\t\t<div class=\"elementor-column elementor-col-33 elementor-inner-column elementor-element elementor-element-97d21c4\" data-id=\"97d21c4\" data-element_type=\"column\">\n\t\t\t<div class=\"elementor-widget-wrap elementor-element-populated\">\n\t\t\t\t\t\t\t\t<div class=\"elementor-element elementor-element-f5d4ecd elementor-widget elementor-widget-image\" data-id=\"f5d4ecd\" data-element_type=\"widget\" data-widget_type=\"image.default\">\n\t\t\t\t<div class=\"elementor-widget-container\">\n\t\t\t<style>\/*! elementor - v3.12.1 - 02-04-2023 *\/\n.elementor-widget-image{text-align:center}.elementor-widget-image a{display:inline-block}.elementor-widget-image a img[src$=\".svg\"]{width:48px}.elementor-widget-image img{vertical-align:middle;display:inline-block}<\/style>\t\t\t\t\t\t\t\t\t\t\t\t<img decoding=\"async\" width=\"1024\" height=\"576\" src=\"https:\/\/rizzi.sohostudiolabs.com\/wp-content\/uploads\/2023\/02\/RIZZI_FL_PRT_10_1.4_pexels-joao-jesus-925707_1080_1920px1845-1024x576.jpg\" class=\"attachment-large size-large wp-image-846\" alt=\"\" loading=\"lazy\" srcset=\"https:\/\/rizzi.sohostudiolabs.com\/wp-content\/uploads\/2023\/02\/RIZZI_FL_PRT_10_1.4_pexels-joao-jesus-925707_1080_1920px1845-1024x576.jpg 1024w, https:\/\/rizzi.sohostudiolabs.com\/wp-content\/uploads\/2023\/02\/RIZZI_FL_PRT_10_1.4_pexels-joao-jesus-925707_1080_1920px1845-300x169.jpg 300w, https:\/\/rizzi.sohostudiolabs.com\/wp-content\/uploads\/2023\/02\/RIZZI_FL_PRT_10_1.4_pexels-joao-jesus-925707_1080_1920px1845-768x432.jpg 768w, https:\/\/rizzi.sohostudiolabs.com\/wp-content\/uploads\/2023\/02\/RIZZI_FL_PRT_10_1.4_pexels-joao-jesus-925707_1080_1920px1845-1536x864.jpg 1536w, https:\/\/rizzi.sohostudiolabs.com\/wp-content\/uploads\/2023\/02\/RIZZI_FL_PRT_10_1.4_pexels-joao-jesus-925707_1080_1920px1845-207x116.jpg 207w, https:\/\/rizzi.sohostudiolabs.com\/wp-content\/uploads\/2023\/02\/RIZZI_FL_PRT_10_1.4_pexels-joao-jesus-925707_1080_1920px1845-782x440.jpg 782w, https:\/\/rizzi.sohostudiolabs.com\/wp-content\/uploads\/2023\/02\/RIZZI_FL_PRT_10_1.4_pexels-joao-jesus-925707_1080_1920px1845-390x219.jpg 390w, https:\/\/rizzi.sohostudiolabs.com\/wp-content\/uploads\/2023\/02\/RIZZI_FL_PRT_10_1.4_pexels-joao-jesus-925707_1080_1920px1845-600x338.jpg 600w, https:\/\/rizzi.sohostudiolabs.com\/wp-content\/uploads\/2023\/02\/RIZZI_FL_PRT_10_1.4_pexels-joao-jesus-925707_1080_1920px1845.jpg 1920w\" sizes=\"(max-width: 1024px) 100vw, 1024px\" \/>\t\t\t\t\t\t\t\t\t\t\t\t\t\t\t<\/div>\n\t\t\t\t<\/div>\n\t\t\t\t<div class=\"elementor-element elementor-element-7c2d991 elementor-widget elementor-widget-image\" data-id=\"7c2d991\" data-element_type=\"widget\" data-widget_type=\"image.default\">\n\t\t\t\t<div class=\"elementor-widget-container\">\n\t\t\t\t\t\t\t\t\t\t\t\t\t\t\t<img decoding=\"async\" width=\"1024\" height=\"576\" src=\"https:\/\/rizzi.sohostudiolabs.com\/wp-content\/uploads\/2023\/02\/04_NFT_PRT_01_02_03_Gesamtbild_pexels-joao-jesus-925707-1024x576.jpg\" class=\"attachment-large size-large wp-image-1104\" alt=\"\" loading=\"lazy\" srcset=\"https:\/\/rizzi.sohostudiolabs.com\/wp-content\/uploads\/2023\/02\/04_NFT_PRT_01_02_03_Gesamtbild_pexels-joao-jesus-925707-1024x576.jpg 1024w, https:\/\/rizzi.sohostudiolabs.com\/wp-content\/uploads\/2023\/02\/04_NFT_PRT_01_02_03_Gesamtbild_pexels-joao-jesus-925707-300x169.jpg 300w, https:\/\/rizzi.sohostudiolabs.com\/wp-content\/uploads\/2023\/02\/04_NFT_PRT_01_02_03_Gesamtbild_pexels-joao-jesus-925707-768x432.jpg 768w, https:\/\/rizzi.sohostudiolabs.com\/wp-content\/uploads\/2023\/02\/04_NFT_PRT_01_02_03_Gesamtbild_pexels-joao-jesus-925707-1536x864.jpg 1536w, https:\/\/rizzi.sohostudiolabs.com\/wp-content\/uploads\/2023\/02\/04_NFT_PRT_01_02_03_Gesamtbild_pexels-joao-jesus-925707-207x116.jpg 207w, https:\/\/rizzi.sohostudiolabs.com\/wp-content\/uploads\/2023\/02\/04_NFT_PRT_01_02_03_Gesamtbild_pexels-joao-jesus-925707-782x440.jpg 782w, https:\/\/rizzi.sohostudiolabs.com\/wp-content\/uploads\/2023\/02\/04_NFT_PRT_01_02_03_Gesamtbild_pexels-joao-jesus-925707-390x219.jpg 390w, https:\/\/rizzi.sohostudiolabs.com\/wp-content\/uploads\/2023\/02\/04_NFT_PRT_01_02_03_Gesamtbild_pexels-joao-jesus-925707-600x338.jpg 600w, https:\/\/rizzi.sohostudiolabs.com\/wp-content\/uploads\/2023\/02\/04_NFT_PRT_01_02_03_Gesamtbild_pexels-joao-jesus-925707.jpg 1920w\" sizes=\"(max-width: 1024px) 100vw, 1024px\" \/>\t\t\t\t\t\t\t\t\t\t\t\t\t\t\t<\/div>\n\t\t\t\t<\/div>\n\t\t\t\t\t<\/div>\n\t\t<\/div>\n\t\t\t\t<div class=\"elementor-column elementor-col-66 elementor-inner-column elementor-element elementor-element-e378a1d\" data-id=\"e378a1d\" data-element_type=\"column\">\n\t\t\t<div class=\"elementor-widget-wrap elementor-element-populated\">\n\t\t\t\t\t\t\t\t<div class=\"elementor-element elementor-element-4ab2342 elementor-widget elementor-widget-text-editor\" data-id=\"4ab2342\" data-element_type=\"widget\" data-widget_type=\"text-editor.default\">\n\t\t\t\t<div class=\"elementor-widget-container\">\n\t\t\t<style>\/*! elementor - v3.12.1 - 02-04-2023 *\/\n.elementor-widget-text-editor.elementor-drop-cap-view-stacked .elementor-drop-cap{background-color:#69727d;color:#fff}.elementor-widget-text-editor.elementor-drop-cap-view-framed .elementor-drop-cap{color:#69727d;border:3px solid;background-color:transparent}.elementor-widget-text-editor:not(.elementor-drop-cap-view-default) .elementor-drop-cap{margin-top:8px}.elementor-widget-text-editor:not(.elementor-drop-cap-view-default) .elementor-drop-cap-letter{width:1em;height:1em}.elementor-widget-text-editor .elementor-drop-cap{float:left;text-align:center;line-height:1;font-size:50px}.elementor-widget-text-editor .elementor-drop-cap-letter{display:inline-block}<\/style>\t\t\t\t<p>F\u00fcr Sammler, die physische Kunst der digitalen vorziehen, haben wir tolle Neuigkeiten. Die erste James Rizzi Digital Kollektion &#8222;First Love&#8220; ist auch als Leinwanddruck erh\u00e4ltlich!<\/p>\n<p>Wir wissen, dass nicht jeder mit der Welt der NFTs vertraut ist und dass einige Kunstliebhaber immer noch das haptische Erlebnis eines physischen Kunstwerks bevorzugen. Deshalb haben wir uns entschlossen, die H\u00e4lfte der gesamten Kollektion dieser einzigartigen Kunstwerke als Leinwanddrucke anzubieten, damit Sie sie zu Hause oder im B\u00fcro genie\u00dfen k\u00f6nnen, so wie Sie es mit jedem anderen Kunstwerk tun w\u00fcrden.<\/p>\n<p>Jeder Leinwanddruck wird im Pigmentdruckverfahren hergestellt und zeichnet sich durch hervorragende Qualit\u00e4t aus. Im Vergleich zu den 71 digitalen Versionen stehen die Leinw\u00e4nde in puncto Detailtreue in nichts nach.<\/p>\n<p>Egal, ob Sie ein langj\u00e4hriger Sammler der Kunst von James Rizzi sind oder ein neuer Fan, der seine Arbeit zum ersten Mal entdeckt, diese Leinwanddrucke sind eine fantastische M\u00f6glichkeit, Ihrem Zuhause einen Hauch von Farbe und Freude zu verleihen. Sie eignen sich hervorragend f\u00fcr alle die den Geist von New York City feiern wollen.<\/p>\n<p>Wenn Sie also bereit sind, ein St\u00fcck des Verm\u00e4chtnisses von James Rizzi zu besitzen, schauen Sie sich noch heute unsere Auswahl an Leinwanddrucken an. Jedes einzelne ist eine Anerkennung des Talents des K\u00fcnstlers und seiner Liebe zu der Stadt, die ihn inspiriert hat.<\/p>\n\t\t\t\t\t\t<\/div>\n\t\t\t\t<\/div>\n\t\t\t\t\t<\/div>\n\t\t<\/div>\n\t\t\t\t\t\t\t<\/div>\n\t\t<\/section>\n\t\t\t\t<div class=\"elementor-element elementor-element-93345f4 elementor-align-center elementor-widget elementor-widget-button\" data-id=\"93345f4\" data-element_type=\"widget\" data-widget_type=\"button.default\">\n\t\t\t\t<div class=\"elementor-widget-container\">\n\t\t\t\t\t<div class=\"elementor-button-wrapper\">\n\t\t\t<a href=\"https:\/\/shop.sohostudiolabs.com\/\" class=\"elementor-button-link elementor-button elementor-size-md\" role=\"button\">\n\t\t\t\t\t\t<span class=\"elementor-button-content-wrapper\">\n\t\t\t\t\t\t<span class=\"elementor-button-text\">Zu den Leinw\u00e4nden<\/span>\n\t\t<\/span>\n\t\t\t\t\t<\/a>\n\t\t<\/div>\n\t\t\t\t<\/div>\n\t\t\t\t<\/div>\n\t\t\t\t\t<\/div>\n\t\t<\/div>\n\t\t\t\t\t\t\t<\/div>\n\t\t<\/section>\n\t\t\t\t\t\t\t<\/div>\n\t\t","protected":false},"excerpt":{"rendered":"<p>James Rizzi &#8211; Digitale Kunst auf Leinwand F\u00fcr Sammler, die [&hellip;]<\/p>\n","protected":false},"author":2,"featured_media":0,"parent":0,"menu_order":0,"comment_status":"closed","ping_status":"closed","template":"","meta":[],"aioseo_notices":[],"_links":{"self":[{"href":"https:\/\/rizzi.sohostudiolabs.com\/de\/wp-json\/wp\/v2\/pages\/1222"}],"collection":[{"href":"https:\/\/rizzi.sohostudiolabs.com\/de\/wp-json\/wp\/v2\/pages"}],"about":[{"href":"https:\/\/rizzi.sohostudiolabs.com\/de\/wp-json\/wp\/v2\/types\/page"}],"author":[{"embeddable":true,"href":"https:\/\/rizzi.sohostudiolabs.com\/de\/wp-json\/wp\/v2\/users\/2"}],"replies":[{"embeddable":true,"href":"https:\/\/rizzi.sohostudiolabs.com\/de\/wp-json\/wp\/v2\/comments?post=1222"}],"version-history":[{"count":1,"href":"https:\/\/rizzi.sohostudiolabs.com\/de\/wp-json\/wp\/v2\/pages\/1222\/revisions"}],"predecessor-version":[{"id":1223,"href":"https:\/\/rizzi.sohostudiolabs.com\/de\/wp-json\/wp\/v2\/pages\/1222\/revisions\/1223"}],"wp:attachment":[{"href":"https:\/\/rizzi.sohostudiolabs.com\/de\/wp-json\/wp\/v2\/media?parent=1222"}],"curies":[{"name":"wp","href":"https:\/\/api.w.org\/{rel}","templated":true}]}}