{"id":1224,"date":"2023-02-28T17:01:43","date_gmt":"2023-02-28T16:01:43","guid":{"rendered":"https:\/\/rizzi.sohostudiolabs.com\/nft\/"},"modified":"2023-02-28T20:40:55","modified_gmt":"2023-02-28T19:40:55","slug":"nft","status":"publish","type":"page","link":"https:\/\/rizzi.sohostudiolabs.com\/de\/nft\/","title":{"rendered":"NFT"},"content":{"rendered":"\t\t<div data-elementor-type=\"wp-page\" data-elementor-id=\"1224\" class=\"elementor elementor-1224 elementor-1202\">\n\t\t\t\t\t\t\t\t\t<section class=\"elementor-section elementor-top-section elementor-element elementor-element-424d4ca elementor-section-boxed elementor-section-height-default elementor-section-height-default\" data-id=\"424d4ca\" data-element_type=\"section\">\n\t\t\t\t\t\t<div class=\"elementor-container elementor-column-gap-default\">\n\t\t\t\t\t<div class=\"elementor-column elementor-col-100 elementor-top-column elementor-element elementor-element-9d04d2c\" data-id=\"9d04d2c\" data-element_type=\"column\">\n\t\t\t<div class=\"elementor-widget-wrap elementor-element-populated\">\n\t\t\t\t\t\t\t\t<div class=\"elementor-element elementor-element-61b2fe7 elementor-widget elementor-widget-heading\" data-id=\"61b2fe7\" data-element_type=\"widget\" data-widget_type=\"heading.default\">\n\t\t\t\t<div class=\"elementor-widget-container\">\n\t\t\t<style>\/*! elementor - v3.12.1 - 02-04-2023 *\/\n.elementor-heading-title{padding:0;margin:0;line-height:1}.elementor-widget-heading .elementor-heading-title[class*=elementor-size-]>a{color:inherit;font-size:inherit;line-height:inherit}.elementor-widget-heading .elementor-heading-title.elementor-size-small{font-size:15px}.elementor-widget-heading .elementor-heading-title.elementor-size-medium{font-size:19px}.elementor-widget-heading .elementor-heading-title.elementor-size-large{font-size:29px}.elementor-widget-heading .elementor-heading-title.elementor-size-xl{font-size:39px}.elementor-widget-heading .elementor-heading-title.elementor-size-xxl{font-size:59px}<\/style><h2 class=\"elementor-heading-title elementor-size-default\">James Rizzi - NFTs<\/h2>\t\t<\/div>\n\t\t\t\t<\/div>\n\t\t\t\t<section class=\"elementor-section elementor-inner-section elementor-element elementor-element-85052e7 elementor-section-boxed elementor-section-height-default elementor-section-height-default\" data-id=\"85052e7\" data-element_type=\"section\">\n\t\t\t\t\t\t<div class=\"elementor-container elementor-column-gap-default\">\n\t\t\t\t\t<div class=\"elementor-column elementor-col-66 elementor-inner-column elementor-element elementor-element-31eeb7e\" data-id=\"31eeb7e\" data-element_type=\"column\">\n\t\t\t<div class=\"elementor-widget-wrap elementor-element-populated\">\n\t\t\t\t\t\t\t\t<div class=\"elementor-element elementor-element-daabf75 elementor-widget elementor-widget-text-editor\" data-id=\"daabf75\" data-element_type=\"widget\" data-widget_type=\"text-editor.default\">\n\t\t\t\t<div class=\"elementor-widget-container\">\n\t\t\t<style>\/*! elementor - v3.12.1 - 02-04-2023 *\/\n.elementor-widget-text-editor.elementor-drop-cap-view-stacked .elementor-drop-cap{background-color:#69727d;color:#fff}.elementor-widget-text-editor.elementor-drop-cap-view-framed .elementor-drop-cap{color:#69727d;border:3px solid;background-color:transparent}.elementor-widget-text-editor:not(.elementor-drop-cap-view-default) .elementor-drop-cap{margin-top:8px}.elementor-widget-text-editor:not(.elementor-drop-cap-view-default) .elementor-drop-cap-letter{width:1em;height:1em}.elementor-widget-text-editor .elementor-drop-cap{float:left;text-align:center;line-height:1;font-size:50px}.elementor-widget-text-editor .elementor-drop-cap-letter{display:inline-block}<\/style>\t\t\t\t<p>Non-Fungible-Tokens (NFTs) haben die Kunstwelt in den letzten Jahren revolutioniert. Sie erm\u00f6glichen die Generierung und den Verkauf von digitaler Kunst, die einzigartig, nachweisbar und handelbar ist. Und nun freuen wir uns, die erste NFT-Serie von James Rizzi ank\u00fcndigen zu k\u00f6nnen!<\/p>\n<p>Mehr als 30 Jahre lang hat James Rizzi den pulsierenden Geist und die Vielfalt von New York City eingefangen, indem er viele Gesichter seiner B\u00fcrger malte. Seine Kunst ist eine Ode an die Stadt, die niemals schl\u00e4ft, und zeigt die Energie, den Optimismus und die Kreativit\u00e4t ihrer Bewohner.<\/p>\n<p>Zum ersten Mal werden Kunstwerke, die auf den Kreationen von James Rizzi basieren, als NFTs angeboten. Jedes NFT ist ein einzigartiger digitaler Verm\u00f6genswert, der besessen und gehandelt werden kann und Kunstsammlern und -liebhabern eine neue M\u00f6glichkeit bietet, Rizzis Werke zu erleben und sich mit ihnen auseinanderzusetzen.<\/p>\n<p>Diese NFTs sind ein Zeugnis f\u00fcr die Lebensfreude, das Gef\u00fchl der Freiheit und die Vielfalt des Big Apple. Sie w\u00fcrdigen Rizzis Verm\u00e4chtnis als Meister der Pop-Art und als beliebte Figur der New Yorker Kunstszene.<\/p>\n<p>Falls Sie noch nicht mit NFTs vertraut sind, hier ein kurzer \u00dcberblick: NFTs sind digitale Token, die das Eigentum an einem einzigartigen digitalen Inhalt, wie Kunst, Musik oder Video, repr\u00e4sentieren. Sie werden in einer Blockchain gespeichert, was sie \u00fcberpr\u00fcfbar und sicher macht. Da es sich bei NFTs um Unikate handelt, k\u00f6nnen sie wie herk\u00f6mmliche Verm\u00f6genswerte gehandelt werden, und sie haben in der Kunstwelt f\u00fcr Aufsehen gesorgt, da sie eine neue Art des Kaufs, Verkaufs und Sammelns von Kunst darstellen. Mit der NFT-Serie von James Rizzi k\u00f6nnen Sie jetzt ein St\u00fcck seines Verm\u00e4chtnisses auf eine ganz neue Weise besitzen.<\/p>\n\t\t\t\t\t\t<\/div>\n\t\t\t\t<\/div>\n\t\t\t\t\t<\/div>\n\t\t<\/div>\n\t\t\t\t<div class=\"elementor-column elementor-col-33 elementor-inner-column elementor-element elementor-element-08ca2df\" data-id=\"08ca2df\" data-element_type=\"column\">\n\t\t\t<div class=\"elementor-widget-wrap elementor-element-populated\">\n\t\t\t\t\t\t\t\t<div class=\"elementor-element elementor-element-3e978e0 elementor-widget elementor-widget-image\" data-id=\"3e978e0\" data-element_type=\"widget\" data-widget_type=\"image.default\">\n\t\t\t\t<div class=\"elementor-widget-container\">\n\t\t\t<style>\/*! elementor - v3.12.1 - 02-04-2023 *\/\n.elementor-widget-image{text-align:center}.elementor-widget-image a{display:inline-block}.elementor-widget-image a img[src$=\".svg\"]{width:48px}.elementor-widget-image img{vertical-align:middle;display:inline-block}<\/style>\t\t\t\t\t\t\t\t\t\t\t\t<img decoding=\"async\" width=\"1024\" height=\"576\" src=\"https:\/\/rizzi.sohostudiolabs.com\/wp-content\/uploads\/2023\/02\/rounded-in-photoretrica.png\" class=\"attachment-large size-large wp-image-780\" alt=\"\" loading=\"lazy\" srcset=\"https:\/\/rizzi.sohostudiolabs.com\/wp-content\/uploads\/2023\/02\/rounded-in-photoretrica.png 1024w, https:\/\/rizzi.sohostudiolabs.com\/wp-content\/uploads\/2023\/02\/rounded-in-photoretrica-300x169.png 300w, https:\/\/rizzi.sohostudiolabs.com\/wp-content\/uploads\/2023\/02\/rounded-in-photoretrica-768x432.png 768w, https:\/\/rizzi.sohostudiolabs.com\/wp-content\/uploads\/2023\/02\/rounded-in-photoretrica-207x116.png 207w, https:\/\/rizzi.sohostudiolabs.com\/wp-content\/uploads\/2023\/02\/rounded-in-photoretrica-782x440.png 782w, https:\/\/rizzi.sohostudiolabs.com\/wp-content\/uploads\/2023\/02\/rounded-in-photoretrica-390x219.png 390w, https:\/\/rizzi.sohostudiolabs.com\/wp-content\/uploads\/2023\/02\/rounded-in-photoretrica-600x338.png 600w\" sizes=\"(max-width: 1024px) 100vw, 1024px\" \/>\t\t\t\t\t\t\t\t\t\t\t\t\t\t\t<\/div>\n\t\t\t\t<\/div>\n\t\t\t\t<div class=\"elementor-element elementor-element-995ff85 elementor-widget elementor-widget-image\" data-id=\"995ff85\" data-element_type=\"widget\" data-widget_type=\"image.default\">\n\t\t\t\t<div class=\"elementor-widget-container\">\n\t\t\t\t\t\t\t\t\t\t\t\t\t\t\t<img decoding=\"async\" width=\"1024\" height=\"576\" src=\"https:\/\/rizzi.sohostudiolabs.com\/wp-content\/uploads\/2023\/02\/1-4_lowres-1024x576.png\" class=\"attachment-large size-large wp-image-720\" alt=\"\" loading=\"lazy\" srcset=\"https:\/\/rizzi.sohostudiolabs.com\/wp-content\/uploads\/2023\/02\/1-4_lowres-1024x576.png 1024w, https:\/\/rizzi.sohostudiolabs.com\/wp-content\/uploads\/2023\/02\/1-4_lowres-390x219.png 390w, https:\/\/rizzi.sohostudiolabs.com\/wp-content\/uploads\/2023\/02\/1-4_lowres-600x338.png 600w, https:\/\/rizzi.sohostudiolabs.com\/wp-content\/uploads\/2023\/02\/1-4_lowres-300x169.png 300w, https:\/\/rizzi.sohostudiolabs.com\/wp-content\/uploads\/2023\/02\/1-4_lowres-768x432.png 768w, https:\/\/rizzi.sohostudiolabs.com\/wp-content\/uploads\/2023\/02\/1-4_lowres-207x116.png 207w, https:\/\/rizzi.sohostudiolabs.com\/wp-content\/uploads\/2023\/02\/1-4_lowres-782x440.png 782w, https:\/\/rizzi.sohostudiolabs.com\/wp-content\/uploads\/2023\/02\/elementor\/thumbs\/1-4_lowres-q1ttxac29av26xan15ehpgthd2om96isdxwtgzyk9c.png 640w, https:\/\/rizzi.sohostudiolabs.com\/wp-content\/uploads\/2023\/02\/1-4_lowres.png 1280w\" sizes=\"(max-width: 1024px) 100vw, 1024px\" \/>\t\t\t\t\t\t\t\t\t\t\t\t\t\t\t<\/div>\n\t\t\t\t<\/div>\n\t\t\t\t\t<\/div>\n\t\t<\/div>\n\t\t\t\t\t\t\t<\/div>\n\t\t<\/section>\n\t\t\t\t<div class=\"elementor-element elementor-element-2c142b0 elementor-align-center elementor-widget elementor-widget-button\" data-id=\"2c142b0\" data-element_type=\"widget\" data-widget_type=\"button.default\">\n\t\t\t\t<div class=\"elementor-widget-container\">\n\t\t\t\t\t<div class=\"elementor-button-wrapper\">\n\t\t\t<a href=\"https:\/\/opensea.io\/collection\/jrfirstlove\" class=\"elementor-button-link elementor-button elementor-size-md\" role=\"button\">\n\t\t\t\t\t\t<span class=\"elementor-button-content-wrapper\">\n\t\t\t\t\t\t<span class=\"elementor-button-text\">Zu den NFTs<\/span>\n\t\t<\/span>\n\t\t\t\t\t<\/a>\n\t\t<\/div>\n\t\t\t\t<\/div>\n\t\t\t\t<\/div>\n\t\t\t\t\t<\/div>\n\t\t<\/div>\n\t\t\t\t\t\t\t<\/div>\n\t\t<\/section>\n\t\t\t\t\t\t\t<\/div>\n\t\t","protected":false},"excerpt":{"rendered":"<p>James Rizzi &#8211; NFTs Non-Fungible-Tokens (NFTs) haben die Kunstwelt in [&hellip;]<\/p>\n","protected":false},"author":2,"featured_media":0,"parent":0,"menu_order":0,"comment_status":"closed","ping_status":"closed","template":"","meta":[],"aioseo_notices":[],"_links":{"self":[{"href":"https:\/\/rizzi.sohostudiolabs.com\/de\/wp-json\/wp\/v2\/pages\/1224"}],"collection":[{"href":"https:\/\/rizzi.sohostudiolabs.com\/de\/wp-json\/wp\/v2\/pages"}],"about":[{"href":"https:\/\/rizzi.sohostudiolabs.com\/de\/wp-json\/wp\/v2\/types\/page"}],"author":[{"embeddable":true,"href":"https:\/\/rizzi.sohostudiolabs.com\/de\/wp-json\/wp\/v2\/users\/2"}],"replies":[{"embeddable":true,"href":"https:\/\/rizzi.sohostudiolabs.com\/de\/wp-json\/wp\/v2\/comments?post=1224"}],"version-history":[{"count":1,"href":"https:\/\/rizzi.sohostudiolabs.com\/de\/wp-json\/wp\/v2\/pages\/1224\/revisions"}],"predecessor-version":[{"id":1225,"href":"https:\/\/rizzi.sohostudiolabs.com\/de\/wp-json\/wp\/v2\/pages\/1224\/revisions\/1225"}],"wp:attachment":[{"href":"https:\/\/rizzi.sohostudiolabs.com\/de\/wp-json\/wp\/v2\/media?parent=1224"}],"curies":[{"name":"wp","href":"https:\/\/api.w.org\/{rel}","templated":true}]}}